{"id":122,"date":"2016-11-02T11:31:18","date_gmt":"2016-11-02T10:31:18","guid":{"rendered":"http:\/\/mobile.henner.com\/appfr\/?page_id=122"},"modified":"2022-09-19T12:01:30","modified_gmt":"2022-09-19T10:01:30","slug":"cg-adherent","status":"publish","type":"page","link":"https:\/\/mobile.henner.com\/appfr\/cg-adherent\/","title":{"rendered":"Conditions G\u00e9n\u00e9rales d&#8217;Utilisation Adh\u00e9rents"},"content":{"rendered":"<p style=\"text-align: center;\"><strong>Conditions G\u00e9n\u00e9rales d&#8217;Utilisation de l\u2019espace personnalis\u00e9 Adh\u00e9rent de l\u2019Application Mobile Henner<\/strong><\/p>\n<p style=\"text-align: center;\"><strong>\u00a0(\u00ab l\u2019espace personnalis\u00e9 \u00bb)<\/strong><\/p>\n<p><strong>Derni\u00e8re date de mise \u00e0 jour : 05 septembre 2018<\/strong><\/p>\n<p><strong>PREAMBULE<\/strong><\/p>\n<p>Les pr\u00e9sentes Conditions G\u00e9n\u00e9rales d&#8217;Utilisation ont pour objet\u00a0de d\u00e9finir les modalit\u00e9s d\u2019utilisation\u00a0:<\/p>\n<p>&#8211;\u00a0\u00a0\u00a0\u00a0\u00a0\u00a0\u00a0\u00a0\u00a0 De l\u2019espace public de l\u2019Application pour chaque Utilisateur d\u00e9sign\u00e9 comme toute personne physique qui acc\u00e8de \u00e0 l\u2019Application sans n\u00e9cessiter de s\u2019identifier et sans acc\u00e8s \u00e0 un Espace personnalis\u00e9.<\/p>\n<p>&#8211;\u00a0\u00a0\u00a0\u00a0\u00a0\u00a0\u00a0\u00a0\u00a0 De l\u2019Espace personnalis\u00e9 de l\u2019Application pour chaque Assur\u00e9 d\u00e9sign\u00e9 comme\u00a0la personne physique \u00e0 laquelle s\u2019appliquent les garanties d\u2019un contrat d\u2019assurance (qu\u2019elle en soit ou non le souscripteur) con\u00e7u, distribu\u00e9 et\/ou g\u00e9r\u00e9 par Henner et dont le contrat\u00a0 pr\u00e9voit l\u2019acc\u00e8s \u00e0 un Espace personnalis\u00e9.<\/p>\n<p>La consultation de l\u2019Application et\/ou l&#8217;utilisation des services propos\u00e9s sur l\u2019Application est soumise \u00e0 l\u2019acceptation sans r\u00e9serve par l\u2019Utilisateur et\/ou l\u2019Assur\u00e9 des pr\u00e9sentes Conditions G\u00e9n\u00e9rales d&#8217;Utilisation.<\/p>\n<p><strong>1.\u00a0\u00a0\u00a0\u00a0\u00a0\u00a0 MISE EN GARDE<\/strong><\/p>\n<p>L&#8217;acc\u00e8s \u00e0 certains produits et services pr\u00e9sent\u00e9s sur l\u2019Application peut faire l&#8217;objet de restrictions \u00e0 l&#8217;\u00e9gard de certaines personnes ou dans certains pays. Toute personne d\u00e9cidant d\u2019acc\u00e9der \u00e0 l\u2019Application est tenue de se conformer \u00e0 la l\u00e9gislation et r\u00e8glementation en vigueur dans son pays de r\u00e9sidence.<\/p>\n<p>Les informations relatives aux offres de services publi\u00e9es sur l\u2019Application sont pr\u00e9sent\u00e9es \u00e0 titre indicatif et g\u00e9n\u00e9ral, ne pr\u00e9tendent nullement \u00e0 l&#8217;exhaustivit\u00e9 et n&#8217;ont pas de valeur contractuelle. Ces informations ne peuvent en aucun cas \u00eatre assimil\u00e9es \u00e0 des conseils engageant la responsabilit\u00e9 d\u2019Henner, en vertu du Code des assurances. Seul le contrat sign\u00e9 lors de la souscription \u00e0 un service a valeur contractuelle.<\/p>\n<p>L\u2019Utilisateur et\/ou l\u2019Assur\u00e9 est invit\u00e9 \u00e0 se rapprocher d\u2019Henner via le formulaire de demande d\u2019information\/contact sur l\u2019Application pour toute demande de pr\u00e9cision, communication d\u2019informations compl\u00e9mentaires ou conseils sur les produits et services pr\u00e9sent\u00e9s sur l\u2019Application.<\/p>\n<p><strong>2.\u00a0\u00a0\u00a0\u00a0\u00a0\u00a0 MENTIONS LEGALES<\/strong><\/p>\n<p>Editeur de l\u2019Application: Soci\u00e9t\u00e9 Henner, soci\u00e9t\u00e9 par actions simplifi\u00e9e de gestion et de courtage d\u2019assurances au capital de 8\u00a0212\u00a0500 euros, immatricul\u00e9e au Registre du Commerce et des Soci\u00e9t\u00e9s de Nanterre sous le num\u00e9ro 323 377\u00a0739 dont le si\u00e8ge social est situ\u00e9 au 14 boulevard du G\u00e9n\u00e9ral Leclerc 92200 Neuilly-sur-Seine,<\/p>\n<p>Num\u00e9ro ORIAS (registre unique des interm\u00e9diaires en assurance)\u00a0: 07.002.039<\/p>\n<p>Num\u00e9ro de TVA intracommunautaire\u00a0: FR 48323377739<\/p>\n<p>Num\u00e9ro de t\u00e9l\u00e9phone : 01 55 62 90 00<\/p>\n<p>Adresse email\u00a0: info@henner.fr<\/p>\n<p>Nom du Directeur de la Publication\u00a0: Monsieur Charles ROBINET-DUFFO, Pr\u00e9sident Directeur G\u00e9n\u00e9ral de la soci\u00e9t\u00e9 Henner.<\/p>\n<p>Ci-apr\u00e8s d\u00e9nomm\u00e9e \u00ab\u00a0Henner\u00a0\u00bb<\/p>\n<p>H\u00e9bergeur du Site\u00a0: Soci\u00e9t\u00e9 Groupe Henner Holding, soci\u00e9t\u00e9 par actions simplifi\u00e9e au capital de 10\u00a0671\u00a0540 euros, immatricul\u00e9e au Registre du Commerce et des soci\u00e9t\u00e9s de Nanterre sous le num\u00e9ro 332\u00a0376 292 dont le si\u00e8ge social est situ\u00e9 au 14 boulevard du G\u00e9n\u00e9ral Leclerc 92200 Neuilly-sur-Seine.<\/p>\n<p>Num\u00e9ro de t\u00e9l\u00e9phone\u00a0: 01 55 62 90 00<\/p>\n<p>A noter\u00a0:<\/p>\n<ul>\n<li>Le Registre ORIAS est consultable sur le site www.orias.fr.<\/li>\n<li>Notre activit\u00e9 rel\u00e8ve du contr\u00f4le de l\u2019ACPR (Autorit\u00e9 de Contr\u00f4le Prudentiel et de R\u00e9solution) 4 Place de Budapest &#8211; CS 92459 &#8211; 75436 Paris Cedex 09, www.acpr.banque-france.fr.<\/li>\n<\/ul>\n<p>Pour toute r\u00e9clamation\u00a0:<\/p>\n<p>&#8211;\u00a0\u00a0\u00a0\u00a0\u00a0\u00a0\u00a0\u00a0\u00a0 Si vous disposez d\u2019un contrat d\u2019assurance souscrit par notre interm\u00e9diaire, nous vous invitons \u00e0 vous adresser \u00e0 votre interlocuteur habituel ou \u00e0 votre Unit\u00e9 de Gestion dont les coordonn\u00e9es sont indiqu\u00e9es sur votre carte de tiers payant.<br \/>\nEn l\u2019absence d\u2019information sur votre interlocuteur habituel, nous vous remercions de vous munir de votre identifiant et de contacter notre Standard au 01.55.62.90.00.<\/p>\n<p>&#8211;\u00a0\u00a0\u00a0\u00a0\u00a0\u00a0\u00a0\u00a0\u00a0 Dans les autres cas ou si vous n\u2019\u00eates pas satisfait de la r\u00e9ponse apport\u00e9e, nous vous invitons \u00e0 adresser une demande au service Qualit\u00e9 d\u2019Henner : service.qualite@henner.fr ou depuis notre formulaire r\u00e9clamation.<\/p>\n<p>Nous nous engageons \u00e0 accuser r\u00e9ception de cette r\u00e9clamation sous 10 jours et \u00e0 r\u00e9pondre dans les meilleurs d\u00e9lais et au plus tard avant deux mois (sauf si la complexit\u00e9 de la demande n\u00e9cessite un d\u00e9lai suppl\u00e9mentaire, ce dont vous serez alors inform\u00e9)<\/p>\n<p>En dernier recours, nous vous invitons \u00e0 vous adresser au m\u00e9diateur de l\u2019assureur de votre contrat dont les coordonn\u00e9es vous seront fournies sur simple demande par l\u2019interlocuteur en charge de votre r\u00e9clamation.<\/p>\n<p><strong>3.\u00a0\u00a0\u00a0\u00a0\u00a0\u00a0 OBJET DE L\u2019APPLICATION<\/strong><\/p>\n<p>L\u2019Application permet \u00e0 l\u2019Utilisateur et\/ou l\u2019Assur\u00e9 de\u00a0:<\/p>\n<p>&#8211;\u00a0\u00a0\u00a0\u00a0\u00a0\u00a0\u00a0\u00a0\u00a0 Consulter des informations relatives\u00a0au Groupe Henner, ses engagements responsables, ses implantations en France et dans le monde entier,<\/p>\n<p>&#8211;\u00a0\u00a0\u00a0\u00a0\u00a0\u00a0\u00a0\u00a0\u00a0 Contacter ou demander \u00e0 \u00eatre contact\u00e9 par Henner pour des op\u00e9rations li\u00e9es \u00e0 l\u2019offre (demandes d\u2019informations\/ renseignements compl\u00e9mentaires sur une offre, une urgence, le r\u00e9seau de soins Carte Blanche),<\/p>\n<p>&#8211;\u00a0\u00a0\u00a0\u00a0\u00a0\u00a0\u00a0\u00a0\u00a0 Acc\u00e9der \u00e0 son Espace personnalis\u00e9 pour l\u2019Assur\u00e9,<\/p>\n<p>&#8211;\u00a0\u00a0\u00a0\u00a0\u00a0\u00a0\u00a0\u00a0\u00a0 Contacter ou demander \u00e0 \u00eatre contact\u00e9 pour un probl\u00e8me de fonctionnement de l\u2019Application,<\/p>\n<p>&#8211;\u00a0\u00a0\u00a0\u00a0\u00a0\u00a0\u00a0\u00a0\u00a0 Demander un devis sur une offre,<\/p>\n<p>&#8211;\u00a0\u00a0\u00a0\u00a0\u00a0\u00a0\u00a0\u00a0\u00a0 Consulter les questions\/r\u00e9ponses sur les offres propos\u00e9es et les activit\u00e9s s\u2019y rapportant, ainsi que sur le fonctionnement de l\u2019Application,<\/p>\n<p>&#8211;\u00a0\u00a0\u00a0\u00a0\u00a0\u00a0\u00a0\u00a0\u00a0 Consulter des \u00ab\u00a0Dossiers Conseil\u00a0\u00bb, des informations, des actualit\u00e9s sur les offres de produits d\u2019assurance et les activit\u00e9s s\u2019y rapportant.<\/p>\n<p><strong>4.\u00a0\u00a0\u00a0\u00a0\u00a0\u00a0 CONDITIONS ET MODALITES D\u2019ACCES A L\u2019APPLICATION<\/strong><\/p>\n<p>Henner ne saurait en aucune mani\u00e8re garantir un fonctionnement constant et exempt de tout d\u00e9faut ou bug informatique. Elle pourra notamment \u00e0 tout moment :<\/p>\n<p>&#8211;\u00a0\u00a0\u00a0\u00a0\u00a0\u00a0\u00a0\u00a0\u00a0 suspendre, interrompre ou limiter l\u2019acc\u00e8s \u00e0 tout ou partie de l\u2019Application, r\u00e9server l\u2019acc\u00e8s \u00e0 l\u2019Application ou \u00e0 certaines parties de celle-ci \u00e0 une cat\u00e9gorie d\u2019Utilisateurs et\/ou d\u2019Assur\u00e9s,<\/p>\n<p>&#8211;\u00a0\u00a0\u00a0\u00a0\u00a0\u00a0\u00a0\u00a0\u00a0 faire \u00e9voluer, modifier ou suspendre l\u2019acc\u00e8s \u00e0 l\u2019Application pour des raisons de maintenance telles que des mises \u00e0 jour, ou pour tout autre motif l\u00e9gitime.<\/p>\n<p>Henner s\u2019efforcera de pr\u00e9venir l\u2019Utilisateur et\/ou l\u2019Assur\u00e9 en cas d\u2019indisponibilit\u00e9 de l\u2019Application, par tout moyen appropri\u00e9 et notamment par voie d\u2019affichage sur la page d\u2019accueil de l\u2019Application.<\/p>\n<p>L\u2019indisponibilit\u00e9 de l\u2019Application ne saurait en aucun cas engager la responsabilit\u00e9 d\u2019Henner et ne donne aucun droit \u00e0 indemnit\u00e9 au profit de l\u2019Utilisateur et\/ou de l\u2019Assur\u00e9.<\/p>\n<p><strong>5. CONDITIONS ET MODALITES D\u2019ACCES A l\u2019ESPACE PERSONNALISE<\/strong><\/p>\n<p><strong>5.1 Acc\u00e8s \u00e0 l\u2019Espace personnalis\u00e9 et responsabilit\u00e9 de l\u2019Assur\u00e9<\/strong><\/p>\n<p>Chaque Assur\u00e9 dont le contrat pr\u00e9voit l\u2019acc\u00e8s \u00e0 un Espace personnalis\u00e9 peut b\u00e9n\u00e9ficier de cet acc\u00e8s personnalis\u00e9.<\/p>\n<p>L\u2019acc\u00e8s \u00e0 l\u2019Espace personnalis\u00e9 se fait avec un identifiant et un mot de passe communiqu\u00e9s par Henner par courrier \u00e9lectronique. Pour des raisons de s\u00e9curit\u00e9, le mot de passe devra \u00eatre chang\u00e9 par l\u2019Assur\u00e9 \u00e0 la premi\u00e8re connexion. Le mot de passe doit \u00eatre compos\u00e9 au minimum de 6 caract\u00e8res et \u00eatre diff\u00e9rent de l\u2019identifiant, nom, pr\u00e9nom et date de naissance de l\u2019Assur\u00e9.<\/p>\n<p>Le mot de passe doit r\u00e9guli\u00e8rement \u00eatre renouvel\u00e9 par l\u2019Assur\u00e9 sur son Espace personnalis\u00e9, dans la rubrique \u00ab\u00a0modification du mot de passe\u00a0\u00bb. Il est strictement personnel, incessible, et sa confidentialit\u00e9 est sous la responsabilit\u00e9 de l\u2019Assur\u00e9, qui s\u2019oblige \u00e0 prendre toutes les mesures raisonnablement envisageables pour le garder secret et qui assumera l\u2019enti\u00e8re responsabilit\u00e9 de sa communication \u00e0 des tiers. Ainsi, Henner n\u2019assumera aucune responsabilit\u00e9 quant aux dommages \u00e9ventuellement caus\u00e9s par une utilisation frauduleuse de l\u2019Espace personnalis\u00e9 de l\u2019Assur\u00e9.<\/p>\n<p>En cas d\u2019oubli du mot de passe, l\u2019Assur\u00e9 peut demander \u00e0 Henner sa r\u00e9initialisation. Pour ce faire, l\u2019Assur\u00e9 clique sur l\u2019onglet \u00ab\u00a0mot de passe oubli\u00e9\u00a0\u00bb et entre son adresse \u00e9lectronique pour recevoir un nouveau mot de passe temporaire, qu\u2019il devra alors modifier lors de sa premi\u00e8re connexion.<\/p>\n<p>L&#8217;acc\u00e8s \u00e0 l\u2019Espace personnalis\u00e9 est s\u00e9curis\u00e9, ce qui garantit la confidentialit\u00e9 des informations communiqu\u00e9es pour r\u00e9aliser certains actes en ligne.<\/p>\n<p>L\u2019Assur\u00e9 utilise son Espace personnalis\u00e9 sous sa seule responsabilit\u00e9. Il garantit \u00e0 Henner qu\u2019il est le seul \u00e0 acc\u00e9der aux donn\u00e9es stock\u00e9es dans son Espace personnalis\u00e9.<\/p>\n<p>En cas d\u2019utilisation non autoris\u00e9e du compte de l\u2019Assur\u00e9, ce dernier s\u2019engage \u00e0 avertir sans d\u00e9lai Henner.<\/p>\n<p>L\u2019Assur\u00e9 est responsable du contenu des donn\u00e9es qu\u2019il entre dans son Espace personnalis\u00e9. Il s\u2019engage \u00e0 ce que ce contenu soit v\u00e9ridique, qu\u2019il ne porte pas atteinte aux droits des tiers, \u00e0 la loi, \u00e0 l\u2019ordre public ni aux bonnes m\u0153urs.<\/p>\n<p>Henner se r\u00e9serve le droit d\u2019exercer tout recours contre l\u2019Assur\u00e9 en cas de violation des pr\u00e9sentes. Notamment, Henner se r\u00e9serve le droit de suspendre ou de supprimer l\u2019Espace personnalis\u00e9 de l\u2019Assur\u00e9 ou d\u2019engager des poursuites judiciaires.<\/p>\n<p><strong>5.2\u00a0\u00a0 Services propos\u00e9s sur l\u2019Espace personnalis\u00e9<\/strong><\/p>\n<p>En acceptant les pr\u00e9sentes Conditions g\u00e9n\u00e9rales d\u2019utilisation et en utilisant l\u2019Application, l\u2019Assur\u00e9 accepte express\u00e9ment qu\u2019une copie de sa \u00ab\u00a0carte de tiers payant\u00a0\u00bb soit t\u00e9l\u00e9charg\u00e9e sur son smartphone\/tablette. Cette op\u00e9ration permet de stocker l\u2019information en local sur le smartphone\/tablette de l\u2019Assur\u00e9 et lui permettra d\u2019y acc\u00e9der en mode hors connexion (sans acc\u00e8s \u00e0 Internet), notamment pour l\u2019utiliser \u00e0 tout moment dans ses relations avec les prestataires de sant\u00e9 que l\u2019Assur\u00e9 consultera.<\/p>\n<p>Nous attirons l\u2019attention de l\u2019Assur\u00e9 sur le fait que la copie de sa carte de tiers payant sera donc accessible depuis son smartphone\/tablette par toute personne susceptible d\u2019utiliser son appareil. Nous \u00a0recommandons donc \u00e0 l\u2019Assur\u00e9 de s\u00e9curiser l\u2019acc\u00e8s \u00e0 son smartphone\/tablette notamment via l\u2019utilisation d\u2019un mot de passe.<\/p>\n<p>L\u2019Espace personnalis\u00e9 permet \u00e0 l\u2019Assur\u00e9 de consulter ses remboursements, demander une prise en charge hospitali\u00e8re, acc\u00e9der au r\u00e9seau de professionnels de sant\u00e9 acceptant le tiers payant, g\u00e9rer son compte, consulter de la documentation, etc. Pour plus de pr\u00e9cisions sur les services propos\u00e9s sur l\u2019Espace personnalis\u00e9, l\u2019Assur\u00e9 est invit\u00e9 \u00e0 consulter le contrat d\u2019assurance qu\u2019il a souscrit.<\/p>\n<p><strong>5.3\u00a0\u00a0 Suspension de compte<\/strong><\/p>\n<p>L\u2019acc\u00e8s \u00e0 l\u2019Espace personnalis\u00e9 de l\u2019Assur\u00e9 sera suspendu d\u00e8s la fin du contrat souscrit par celui-ci.<\/p>\n<p><strong>6. PROTECTION DES DONNEES A CARACTERE PERSONNEL ET COOKIES<\/strong><\/p>\n<p>Henner s\u2019engage, dans le cadre de ses activit\u00e9s et conform\u00e9ment aux dispositions fran\u00e7aises et europ\u00e9ennes en vigueur, \u00e0 assurer le meilleur niveau de protection, de confidentialit\u00e9 et de s\u00e9curit\u00e9 des donn\u00e9es \u00e0 caract\u00e8re personnel des Utilisateurs et\/ou des Assur\u00e9s, et \u00e0 prot\u00e9ger au mieux leur vie priv\u00e9e.<\/p>\n<p>Pour toute information sur la protection des donn\u00e9es \u00e0 caract\u00e8re personnel et sur l\u2019utilisation des cookies par Henner, l\u2019Utilisateur et\/ou l\u2019Assur\u00e9 peut consulter la Politique de confidentialit\u00e9 d\u2019Henner dans le menu et dans la rubrique \u00ab\u00a0Info\u00a0\u00bb de l\u2019Application.<\/p>\n<p><strong>7. DROIT DE PROPRIETE INTELLECTUELLE<\/strong><\/p>\n<p><strong>7.1 Propri\u00e9t\u00e9 litt\u00e9raire et artistique<\/strong><\/p>\n<p>L\u2019Utilisateur et\/ou l\u2019Assur\u00e9 est inform\u00e9 que l\u2019ensemble des illustrations, dessins, photographies, pr\u00e9sentations, textes, codes sources, et plus g\u00e9n\u00e9ralement, tout contenu figurant sur l\u2019Application sont la propri\u00e9t\u00e9 exclusive d\u2019Henner et\/ou de ses soci\u00e9t\u00e9s affili\u00e9es et qu\u2019ils sont prot\u00e9g\u00e9s par le droit de la propri\u00e9t\u00e9 intellectuelle.<\/p>\n<p>L\u2019Utilisateur et\/ou l\u2019Assur\u00e9 s\u2019interdit donc, sans l\u2019accord \u00e9crit et pr\u00e9alable d\u2019Henner et\/ou de ses soci\u00e9t\u00e9s affili\u00e9es, et sous peine de sanctions civiles et p\u00e9nales\u00a0:<\/p>\n<p>&#8211;\u00a0\u00a0\u00a0\u00a0\u00a0\u00a0\u00a0\u00a0\u00a0 de reproduire ou de faire reproduire les \u00e9l\u00e9ments composant l\u2019Application, en tout ou partie, \u00e0 titre temporaire ou d\u00e9finitif, de quelque mani\u00e8re que ce soit, sur tout support, tout format, par tout proc\u00e9d\u00e9, connus ou inconnus \u00e0 ce jour,<\/p>\n<p>&#8211;\u00a0\u00a0\u00a0\u00a0\u00a0\u00a0\u00a0\u00a0\u00a0 de repr\u00e9senter ou de faire repr\u00e9senter les \u00e9l\u00e9ments composant l\u2019Application, en tout ou partie, int\u00e9gralement ou par extrait, de quelque fa\u00e7on que ce soit, par tout proc\u00e9d\u00e9, tout mode de diffusion, tout mode de communication connu ou inconnu \u00e0 ce jour,<\/p>\n<p>&#8211;\u00a0\u00a0\u00a0\u00a0\u00a0\u00a0\u00a0\u00a0\u00a0 d\u2019adapter ou de faire adapter les \u00e9l\u00e9ments composant l\u2019Application, en tout ou partie, \u00e0 titre temporaire ou d\u00e9finitif, et notamment de traduire en toutes langues les \u00e9l\u00e9ments composant l\u2019Application, de cr\u00e9er toute \u0153uvre d\u00e9riv\u00e9e, de r\u00e9aliser de nouvelles versions ou de nouveaux d\u00e9veloppements \u00e0 partir des \u00e9l\u00e9ments de l\u2019Application, de maintenir, modifier, arranger, assembler, num\u00e9riser tout ou partie des \u00e9l\u00e9ments composant le Site.<\/p>\n<p>Cette interdiction s&#8217;applique sans limitation g\u00e9ographique, pour la dur\u00e9e de protection accord\u00e9e par le droit de la propri\u00e9t\u00e9 intellectuelle, et pour tout mode d&#8217;exploitation, \u00e0 titre gratuit ou on\u00e9reux.<\/p>\n<p><strong>7.2 Marques et signes distinctifs<\/strong><\/p>\n<p>Toutes les marques auxquelles il pourrait \u00eatre fait r\u00e9f\u00e9rence sur cette Application sont des marques r\u00e9guli\u00e8rement enregistr\u00e9es aupr\u00e8s de l&#8217;INPI, et prot\u00e9g\u00e9es \u00e0 ce titre. De m\u00eame, les noms des entreprises, des produits et services et tout autre signe distinctif cit\u00e9s sur cette Application sont la propri\u00e9t\u00e9 et le fruit des efforts et investissements d\u2019Henner et\/ou de ses soci\u00e9t\u00e9s affili\u00e9es, et sont prot\u00e9g\u00e9s en tant que tels. Leur usurpation est strictement interdite, et leur usage \u00e9ventuel est soumis \u00e0 l\u2019accord \u00e9crit et pr\u00e9alable d\u2019Henner et\/ou de ses soci\u00e9t\u00e9s affili\u00e9es, et sous peine de sanctions civiles et p\u00e9nales.<\/p>\n<p><strong>8. RESPONSABILITE D\u2019 HENNER<\/strong><\/p>\n<p>En aucun cas, Henner ne pourra \u00eatre tenue pour responsable en raison des dommages subis par l\u2019Utilisateur et\/ou l\u2019Assur\u00e9, li\u00e9s\u00a0:<\/p>\n<p>&#8211;\u00a0\u00a0\u00a0\u00a0\u00a0\u00a0\u00a0\u00a0\u00a0 \u00e0 une interruption de l\u2019Application ind\u00e9pendante de sa volont\u00e9, ou \u00e0 un cas de force majeure g\u00e9n\u00e9rant une interruption ou un dysfonctionnement de l\u2019Application,<\/p>\n<p>&#8211;\u00a0\u00a0\u00a0\u00a0\u00a0\u00a0\u00a0\u00a0\u00a0 \u00e0 une interruption exceptionnelle et limit\u00e9e dans le temps de l\u2019Application, n\u00e9cessaire \u00e0 la r\u00e9alisation d\u2019une op\u00e9ration de maintenance ou d\u2019am\u00e9lioration de ses fonctionnalit\u00e9s,<\/p>\n<p>&#8211;\u00a0\u00a0\u00a0\u00a0\u00a0\u00a0\u00a0\u00a0\u00a0 \u00e0 tout incident ou interruption de l\u2019Application caus\u00e9 par un mauvais fonctionnement et\/ou une inad\u00e9quation des \u00e9quipements, du mat\u00e9riel et\/ou logiciels et infrastructures de l\u2019Utilisateur et\/ou de l\u2019Assur\u00e9,<\/p>\n<p>&#8211;\u00a0\u00a0\u00a0\u00a0\u00a0\u00a0\u00a0\u00a0\u00a0 \u00e0 tout pr\u00e9judice financier, perte de client\u00e8le, trouble commercial, perte de programmes ou de donn\u00e9es r\u00e9sultant de l\u2019utilisation de l\u2019Application,<\/p>\n<p>&#8211;\u00a0\u00a0\u00a0\u00a0\u00a0\u00a0\u00a0\u00a0\u00a0 \u00e0 l\u2019intrusion non autoris\u00e9e d\u2019un tiers dans le syst\u00e8me informatique de l\u2019Utilisateur et\/ou de l\u2019Assur\u00e9 entrainant la diffusion d\u2019un logiciel nuisible,<\/p>\n<p>&#8211;\u00a0\u00a0\u00a0\u00a0\u00a0\u00a0\u00a0\u00a0\u00a0 \u00e0 une connexion ou consultation de l\u2019Application dans des pays o\u00f9 cette utilisation constitue une violation de la l\u00e9gislation ou r\u00e8glementation applicable,<\/p>\n<p>&#8211;\u00a0\u00a0\u00a0\u00a0\u00a0\u00a0\u00a0\u00a0\u00a0 \u00e0 tous les inconv\u00e9nients ou dommages inh\u00e9rents \u00e0 l\u2019utilisation du r\u00e9seau internet, notamment en cas de d\u00e9faillance, panne, difficult\u00e9 ou interruption de fonctionnement emp\u00eachant l\u2019acc\u00e8s \u00e0 l\u2019Application et\/ou \u00e0 l\u2019une de ses fonctionnalit\u00e9s.<\/p>\n<p><strong>9. PRE REQUIS TECHNIQUES<\/strong><\/p>\n<p>L\u2019Application est accessible pour les syst\u00e8mes d\u2019exploitation suivants\u00a0:<\/p>\n<p>&#8211;\u00a0\u00a0\u00a0\u00a0\u00a0\u00a0\u00a0\u00a0\u00a0 IOS\u00a0: N\u00e9cessit\u00e9 IOS 8.0 ou une version ult\u00e9rieure. Compatible avec l\u2019iphone, l\u2019ipad et l\u2019ipad touch<\/p>\n<p>&#8211;\u00a0\u00a0\u00a0\u00a0\u00a0\u00a0\u00a0\u00a0\u00a0 Android\u00a0: N\u00e9cessit\u00e9 Android 4.4 ou version ult\u00e9rieure<\/p>\n<p><strong>10. EVOLUTION DES CONDITIONS GENERALES D&#8217;UTILISATION<\/strong><\/p>\n<p>Henner se r\u00e9serve le droit de modifier les termes et conditions des pr\u00e9sentes Conditions G\u00e9n\u00e9rales d\u2019Utilisation, \u00e0 tout moment, en fonction des modifications apport\u00e9es \u00e0 l\u2019Application, des param\u00e9trages et notamment des pr\u00e9-requis techniques, de l\u2019\u00e9volution de la l\u00e9gislation ou pour tout autre motif l\u00e9gitime.<\/p>\n<p>De ce fait, il est conseill\u00e9 aux Utilisateurs et\/ou aux Assur\u00e9s de v\u00e9rifier r\u00e9guli\u00e8rement l&#8217;existence d&#8217;\u00e9ventuels amendements. L\u2019Utilisateur et\/ou l\u2019Assur\u00e9 peut d\u00e9terminer la date \u00e0 laquelle Henner a proc\u00e9d\u00e9 aux derni\u00e8res modifications en se rapportant \u00e0 la &#8220;Derni\u00e8re date de mise \u00e0 jour&#8221; indiqu\u00e9e ci-dessus.<\/p>\n<p><strong>11. LIENS HYPERTEXTE<\/strong><\/p>\n<p>Toute information accessible via un lien hypertexte pointant vers d\u2019autres sites n\u2019est pas sous le contr\u00f4le d\u2019 Henner qui d\u00e9cline toute responsabilit\u00e9 quant \u00e0 leur contenu.<\/p>\n<p>La mise en place par l\u2019Utilisateur et\/ou l\u2019Assur\u00e9 de tous liens hypertexte vers tout ou partie de l\u2019Application est strictement interdite, sauf autorisation pr\u00e9alable et \u00e9crite d\u2019Henner, sollicit\u00e9e \u00e0 l\u2019adresse email suivante\u00a0: info@henner.fr. Henner pourra refuser la demande de l\u2019Utilisateur et\/ou de l\u2019Assur\u00e9 sans avoir \u00e0 justifier sa d\u00e9cision. Si elle autorise la mise en place de liens hypertextes, cette autorisation sera temporaire et pourra \u00eatre retir\u00e9e \u00e0 tout moment, sans motif sp\u00e9cifique et sans que l\u2019Utilisateur et\/ou l\u2019Assur\u00e9 ne puisse se pr\u00e9valoir d\u2019un droit acquis. \u00a0Dans tous les cas, le lien devra \u00eatre retir\u00e9 sur simple demande d\u2019Henner.<\/p>\n<p><strong>12. DROIT APPLICABLE ET JURIDICTION COMPETENTE<\/strong><\/p>\n<p>Les pr\u00e9sentes Conditions G\u00e9n\u00e9rales d\u2019Utilisation sont soumises au droit fran\u00e7ais. En cas de litige n&#8217;ayant pu faire l&#8217;objet d&#8217;un accord amiable, comp\u00e9tence exclusive est attribu\u00e9e aux tribunaux fran\u00e7ais.<\/p>\n","protected":false},"excerpt":{"rendered":"<p>Conditions G\u00e9n\u00e9rales d&#8217;Utilisation de l\u2019espace personnalis\u00e9 Adh\u00e9rent de l\u2019Application Mobile Henner \u00a0(\u00ab l\u2019espace personnalis\u00e9 \u00bb) Derni\u00e8re date de mise \u00e0 jour : 05 septembre 2018 PREAMBULE Les pr\u00e9sentes Conditions G\u00e9n\u00e9rales d&#8217;Utilisation ont pour objet\u00a0de d\u00e9finir les modalit\u00e9s d\u2019utilisation\u00a0: &#8211;\u00a0\u00a0\u00a0\u00a0\u00a0\u00a0\u00a0\u00a0\u00a0 De l\u2019espace public de l\u2019Application pour chaque Utilisateur d\u00e9sign\u00e9 comme toute personne physique qui acc\u00e8de \u00e0 [&hellip;]<\/p>\n","protected":false},"author":5,"featured_media":0,"parent":0,"menu_order":0,"comment_status":"closed","ping_status":"closed","template":"","meta":{"footnotes":""},"class_list":["post-122","page","type-page","status-publish","hentry","wpautop"],"better_featured_image":null,"pure_taxonomies":[],"_links":{"self":[{"href":"https:\/\/mobile.henner.com\/appfr\/wp-json\/wp\/v2\/pages\/122","targetHints":{"allow":["GET"]}}],"collection":[{"href":"https:\/\/mobile.henner.com\/appfr\/wp-json\/wp\/v2\/pages"}],"about":[{"href":"https:\/\/mobile.henner.com\/appfr\/wp-json\/wp\/v2\/types\/page"}],"author":[{"embeddable":true,"href":"https:\/\/mobile.henner.com\/appfr\/wp-json\/wp\/v2\/users\/5"}],"replies":[{"embeddable":true,"href":"https:\/\/mobile.henner.com\/appfr\/wp-json\/wp\/v2\/comments?post=122"}],"version-history":[{"count":23,"href":"https:\/\/mobile.henner.com\/appfr\/wp-json\/wp\/v2\/pages\/122\/revisions"}],"predecessor-version":[{"id":3116,"href":"https:\/\/mobile.henner.com\/appfr\/wp-json\/wp\/v2\/pages\/122\/revisions\/3116"}],"wp:attachment":[{"href":"https:\/\/mobile.henner.com\/appfr\/wp-json\/wp\/v2\/media?parent=122"}],"curies":[{"name":"wp","href":"https:\/\/api.w.org\/{rel}","templated":true}]}}